{"id":483,"date":"2023-05-01T20:28:16","date_gmt":"2023-05-01T20:28:16","guid":{"rendered":"https:\/\/www.barboraopatova.com\/?post_type=product&#038;p=483"},"modified":"2023-05-06T22:37:53","modified_gmt":"2023-05-06T22:37:53","slug":"necklace-i-can-see-you","status":"publish","type":"product","link":"https:\/\/www.barboraopatova.com\/sk\/produkt\/necklace-i-can-see-you\/","title":{"rendered":"Necklace &#8211; I can see you"},"content":{"rendered":"<p>Is a new collection of minimalistic jewellery for everyday use. It&#8217;s a free continuation of my &#8220;Eye-catcher&#8221; cave creatures. Recently they started to get out of their caves and wander around. If you&#8217;re walking with your eyes wide open you can see them as little ghosts or spirits (duchovia, du\u0161\u00edkovia, du\u0161e).<\/p>","protected":false},"excerpt":{"rendered":"<p>Eye-catcher in the cave in the form of a simple necklace.<\/p>","protected":false},"featured_media":482,"template":"","meta":[],"product_cat":[21,22],"product_tag":[42],"_links":{"self":[{"href":"https:\/\/www.barboraopatova.com\/sk\/wp-json\/wp\/v2\/product\/483"}],"collection":[{"href":"https:\/\/www.barboraopatova.com\/sk\/wp-json\/wp\/v2\/product"}],"about":[{"href":"https:\/\/www.barboraopatova.com\/sk\/wp-json\/wp\/v2\/types\/product"}],"wp:featuredmedia":[{"embeddable":true,"href":"https:\/\/www.barboraopatova.com\/sk\/wp-json\/wp\/v2\/media\/482"}],"wp:attachment":[{"href":"https:\/\/www.barboraopatova.com\/sk\/wp-json\/wp\/v2\/media?parent=483"}],"wp:term":[{"taxonomy":"product_cat","embeddable":true,"href":"https:\/\/www.barboraopatova.com\/sk\/wp-json\/wp\/v2\/product_cat?post=483"},{"taxonomy":"product_tag","embeddable":true,"href":"https:\/\/www.barboraopatova.com\/sk\/wp-json\/wp\/v2\/product_tag?post=483"}],"curies":[{"name":"wp","href":"https:\/\/api.w.org\/{rel}","templated":true}]}}