{"id":411,"date":"2023-04-27T14:12:11","date_gmt":"2023-04-27T14:12:11","guid":{"rendered":"https:\/\/www.barboraopatova.com\/?post_type=product&#038;p=411"},"modified":"2023-05-06T22:40:11","modified_gmt":"2023-05-06T22:40:11","slug":"ring-i-can-see-you","status":"publish","type":"product","link":"https:\/\/www.barboraopatova.com\/sk\/produkt\/ring-i-can-see-you\/","title":{"rendered":"Ring &#8211; I can see you"},"content":{"rendered":"<p>I can see you is a new collection of minimalistic jewellery for everyday use. It&#8217;s a free continuation of my &#8220;Eye-catcher&#8221; cave creatures. Recently they started to get out of their caves and wander around. If you&#8217;re walking with your eyes wide open you can see them as little ghosts or spirits (duchovia, du\u0161\u00edkovia, du\u0161e).<\/p>","protected":false},"excerpt":{"rendered":"<p>Eye-catcher in the form of a simple ring.<\/p>","protected":false},"featured_media":279,"template":"","meta":[],"product_cat":[21,23],"product_tag":[42],"_links":{"self":[{"href":"https:\/\/www.barboraopatova.com\/sk\/wp-json\/wp\/v2\/product\/411"}],"collection":[{"href":"https:\/\/www.barboraopatova.com\/sk\/wp-json\/wp\/v2\/product"}],"about":[{"href":"https:\/\/www.barboraopatova.com\/sk\/wp-json\/wp\/v2\/types\/product"}],"wp:featuredmedia":[{"embeddable":true,"href":"https:\/\/www.barboraopatova.com\/sk\/wp-json\/wp\/v2\/media\/279"}],"wp:attachment":[{"href":"https:\/\/www.barboraopatova.com\/sk\/wp-json\/wp\/v2\/media?parent=411"}],"wp:term":[{"taxonomy":"product_cat","embeddable":true,"href":"https:\/\/www.barboraopatova.com\/sk\/wp-json\/wp\/v2\/product_cat?post=411"},{"taxonomy":"product_tag","embeddable":true,"href":"https:\/\/www.barboraopatova.com\/sk\/wp-json\/wp\/v2\/product_tag?post=411"}],"curies":[{"name":"wp","href":"https:\/\/api.w.org\/{rel}","templated":true}]}}