{"id":133,"date":"2023-03-22T10:39:53","date_gmt":"2023-03-22T10:39:53","guid":{"rendered":"https:\/\/www.barboraopatova.com\/?page_id=133"},"modified":"2023-05-06T13:26:03","modified_gmt":"2023-05-06T13:26:03","slug":"size-guide","status":"publish","type":"page","link":"https:\/\/www.barboraopatova.com\/sk\/size-guide\/","title":{"rendered":"Size Guide"},"content":{"rendered":"<div class=\"wp-block-cover\"><span aria-hidden=\"true\" class=\"wp-block-cover__background has-background-dim\"><\/span><img decoding=\"async\" loading=\"lazy\" width=\"1024\" height=\"720\" class=\"wp-block-cover__image-background wp-image-134\" alt=\"\" src=\"https:\/\/www.barboraopatova.com\/wp-content\/uploads\/2023\/03\/01-1024x720.jpg\" data-object-fit=\"cover\" srcset=\"https:\/\/www.barboraopatova.com\/wp-content\/uploads\/2023\/03\/01-1024x720.jpg 1024w, https:\/\/www.barboraopatova.com\/wp-content\/uploads\/2023\/03\/01-600x422.jpg 600w, https:\/\/www.barboraopatova.com\/wp-content\/uploads\/2023\/03\/01-300x211.jpg 300w, https:\/\/www.barboraopatova.com\/wp-content\/uploads\/2023\/03\/01-768x540.jpg 768w, https:\/\/www.barboraopatova.com\/wp-content\/uploads\/2023\/03\/01.jpg 1164w\" sizes=\"(max-width: 1024px) 100vw, 1024px\" \/><div class=\"wp-block-cover__inner-container\">\n<p class=\"has-text-align-center has-large-font-size\">Size Guide<\/p>\n<\/div><\/div>\n\n\n\n<div class=\"wp-block-columns is-layout-flex wp-container-3\">\n<div class=\"wp-block-column is-vertically-aligned-bottom is-layout-flow\">\n<figure class=\"wp-block-image size-full\"><a href=\"https:\/\/www.barboraopatova.com\/wp-content\/uploads\/2023\/03\/02.jpg\"><img decoding=\"async\" loading=\"lazy\" width=\"583\" height=\"582\" src=\"https:\/\/www.barboraopatova.com\/wp-content\/uploads\/2023\/03\/02.jpg\" alt=\"\" class=\"wp-image-135\" srcset=\"https:\/\/www.barboraopatova.com\/wp-content\/uploads\/2023\/03\/02.jpg 583w, https:\/\/www.barboraopatova.com\/wp-content\/uploads\/2023\/03\/02-300x300.jpg 300w, https:\/\/www.barboraopatova.com\/wp-content\/uploads\/2023\/03\/02-130x130.jpg 130w, https:\/\/www.barboraopatova.com\/wp-content\/uploads\/2023\/03\/02-150x150.jpg 150w\" sizes=\"(max-width: 583px) 100vw, 583px\" \/><\/a><\/figure>\n<\/div>\n\n\n\n<div class=\"wp-block-column is-layout-flow\">\n<h2 class=\"wp-block-heading\">Meranie ve\u013ekosti prste\u0148a<\/h2>\n\n\n\n<p>Ve\u013ekos\u0165 prste\u0148a je z\u00e1kladn\u00e1 inform\u00e1cia, ktor\u00fa budete potrebova\u0165 pri jeho k\u00fape pre seba, \u010di bl\u00edzku osobu, ktor\u00fa n\u00edm chcete obdarova\u0165. Tento ve\u013emi d\u00f4le\u017eit\u00fd \u00fadaj v\u0161ak podliaha viacer\u00fdm faktorom z ktor\u00fdch jeden je aj vlastn\u00fd subjekt\u00edvny pocit &#8211; niektor\u00ed \u013eudia nosia rad\u0161ej prstene u\u017e\u0161ie a pevnej\u0161ie, niekto zase potrebuje v\u00e4\u010d\u0161iu v\u00f4\u013eu.&nbsp;<\/p>\n\n\n\n<p>Je ve\u013emi d\u00f4le\u017eit\u00e9 uh\u00e1dnu\u0165 \u010do najpresnej\u0161iu ve\u013ekos\u0165 hne\u010f zo za\u010diatku, nako\u013eko mnoh\u00e9 dizajny umeleck\u00fdch prste\u0148ov nie s\u00fa vhodn\u00e9 na n\u00e1sledn\u00fa \u00fapravu ve\u013ekosti.<br>Pre\u010d\u00edtajte si v\u0161etky nasleduj\u00face tipy na meranie prste\u0148a a\u017e do konca, pre zaru\u010denie \u010do najlep\u0161ieho mo\u017en\u00e9ho v\u00fdsledku.<\/p>\n\n\n\n<p>Ak m\u00e1te ak\u00e9ko\u013evek pochybnosti vo v\u00fdbere svojej spr\u00e1vnej ve\u013ekosti prste\u0148a, kontaktujte ma a rada V\u00e1m s v\u00fdberom porad\u00edm.<\/p>\n\n\n\n<h2 class=\"wp-block-heading\">Meranie ve\u013ekosti prste\u0148a odborn\u00edkom<\/h2>\n\n\n\n<p>Najlep\u0161\u00edm mo\u017en\u00fdm sp\u00f4sobom, ako zisti\u0165 svoju presn\u00fa ve\u013ekos\u0165, je osobne z\u00e1js\u0165 do \u0161perk\u00e1rskeho ateli\u00e9ru, zlatn\u00edckej dielne alebo predajne vo svojom okol\u00ed, kde V\u00e1m prst presne odmeraj\u00fa \u0161peci\u00e1lnym zlatn\u00edckym meradlom. Ak sa nach\u00e1dzate v Bratislave, tento servis V\u00e1m rada zabezpe\u010d\u00edm na osobnom stretnut\u00ed.&nbsp;<\/p>\n<\/div>\n<\/div>\n\n\n\n<h2 class=\"wp-block-heading has-text-align-center\">Tabu\u013eka ve\u013ekost\u00ed<\/h2>\n\n\n<div class=\"wp-block-image\">\n<figure class=\"aligncenter size-large is-resized\"><a href=\"https:\/\/www.barboraopatova.com\/wp-content\/uploads\/2023\/03\/Miery-prstenov-2.jpg\"><img decoding=\"async\" loading=\"lazy\" src=\"https:\/\/www.barboraopatova.com\/wp-content\/uploads\/2023\/03\/Miery-prstenov-2-1024x1024.jpg\" alt=\"\" class=\"wp-image-171\" width=\"536\" height=\"536\" srcset=\"https:\/\/www.barboraopatova.com\/wp-content\/uploads\/2023\/03\/Miery-prstenov-2-1024x1024.jpg 1024w, https:\/\/www.barboraopatova.com\/wp-content\/uploads\/2023\/03\/Miery-prstenov-2-300x300.jpg 300w, https:\/\/www.barboraopatova.com\/wp-content\/uploads\/2023\/03\/Miery-prstenov-2-130x130.jpg 130w, https:\/\/www.barboraopatova.com\/wp-content\/uploads\/2023\/03\/Miery-prstenov-2-600x600.jpg 600w, https:\/\/www.barboraopatova.com\/wp-content\/uploads\/2023\/03\/Miery-prstenov-2-150x150.jpg 150w, https:\/\/www.barboraopatova.com\/wp-content\/uploads\/2023\/03\/Miery-prstenov-2-768x768.jpg 768w, https:\/\/www.barboraopatova.com\/wp-content\/uploads\/2023\/03\/Miery-prstenov-2-1536x1536.jpg 1536w, https:\/\/www.barboraopatova.com\/wp-content\/uploads\/2023\/03\/Miery-prstenov-2-2048x2048.jpg 2048w, https:\/\/www.barboraopatova.com\/wp-content\/uploads\/2023\/03\/Miery-prstenov-2-12x12.jpg 12w\" sizes=\"(max-width: 536px) 100vw, 536px\" \/><\/a><\/figure><\/div>\n\n\n<div class=\"wp-block-columns is-layout-flex wp-container-8\">\n<div class=\"wp-block-column is-layout-flow\" style=\"flex-basis:100%\">\n<div class=\"wp-block-columns is-layout-flex wp-container-6\">\n<div class=\"wp-block-column is-layout-flow\">\n<figure class=\"wp-block-image size-full\"><a href=\"https:\/\/www.barboraopatova.com\/wp-content\/uploads\/2023\/03\/03-1.jpg\"><img decoding=\"async\" loading=\"lazy\" width=\"582\" height=\"582\" src=\"https:\/\/www.barboraopatova.com\/wp-content\/uploads\/2023\/03\/03-1.jpg\" alt=\"\" class=\"wp-image-144\" srcset=\"https:\/\/www.barboraopatova.com\/wp-content\/uploads\/2023\/03\/03-1.jpg 582w, https:\/\/www.barboraopatova.com\/wp-content\/uploads\/2023\/03\/03-1-300x300.jpg 300w, https:\/\/www.barboraopatova.com\/wp-content\/uploads\/2023\/03\/03-1-130x130.jpg 130w, https:\/\/www.barboraopatova.com\/wp-content\/uploads\/2023\/03\/03-1-150x150.jpg 150w\" sizes=\"(max-width: 582px) 100vw, 582px\" \/><\/a><figcaption class=\"wp-element-caption\"><em>Obr.: Pr\u00edklad ako mera\u0165 vn\u00fatorn\u00fd priemer prste\u0148a \u0161ublerou.<\/em><\/figcaption><\/figure>\n<\/div>\n\n\n\n<div class=\"wp-block-column is-layout-flow\">\n<figure class=\"wp-block-image size-full\"><a href=\"https:\/\/www.barboraopatova.com\/wp-content\/uploads\/2023\/03\/04-1.jpg\"><img decoding=\"async\" loading=\"lazy\" width=\"583\" height=\"582\" src=\"https:\/\/www.barboraopatova.com\/wp-content\/uploads\/2023\/03\/04-1.jpg\" alt=\"\" class=\"wp-image-143\" srcset=\"https:\/\/www.barboraopatova.com\/wp-content\/uploads\/2023\/03\/04-1.jpg 583w, https:\/\/www.barboraopatova.com\/wp-content\/uploads\/2023\/03\/04-1-300x300.jpg 300w, https:\/\/www.barboraopatova.com\/wp-content\/uploads\/2023\/03\/04-1-130x130.jpg 130w, https:\/\/www.barboraopatova.com\/wp-content\/uploads\/2023\/03\/04-1-150x150.jpg 150w\" sizes=\"(max-width: 583px) 100vw, 583px\" \/><\/a><figcaption class=\"wp-element-caption\"><em>Obr.: Pr\u00edklad ako mera\u0165 vn\u00fatorn\u00fd priemer prste\u0148a prav\u00edtkom.<\/em><\/figcaption><\/figure>\n<\/div>\n<\/div>\n<\/div>\n<\/div>\n\n\n\n<h2 class=\"wp-block-heading\">Alternat\u00edvne meranie prste\u0148a doma<\/h2>\n\n\n\n<div class=\"wp-block-columns is-layout-flex wp-container-11\">\n<div class=\"wp-block-column is-layout-flow\">\n<p>Ak u\u017e vlastn\u00edte prste\u0148, ktor\u00fd V\u00e1m perfektne sed\u00ed na prste, na ktor\u00fd si pl\u00e1nujete k\u00fapi\u0165 nov\u00fd prste\u0148, m\u00f4\u017eete ho pou\u017ei\u0165 na zistenie ve\u013ekosti jeho vn\u00fatorn\u00e9ho obvodu.<\/p>\n\n\n\n<p>Postupujte nasledovne s prav\u00edtkom alebo \u0161ublerou:<\/p>\n\n\n\n<ol>\n<li>Uistite sa, \u017ee prste\u0148 V\u00e1m sed\u00ed na prste, na ktorom chcete nosi\u0165 V\u00e1\u0161 nov\u00fd prste\u0148.&nbsp;<\/li>\n\n\n\n<li>\u010c\u00edm pravidelnej\u0161\u00ed tvar prste\u0148a m\u00e1te, t\u00fdm presnej\u0161\u00ed v\u00fdsledok m\u00f4\u017eeme docieli\u0165.<\/li>\n\n\n\n<li>Polo\u017ete prste\u0148 na prav\u00edtko tak, aby stred jeho vn\u00fatorn\u00e9ho obvodu za\u010d\u00ednal na 0 (vi\u010f. foto).<\/li>\n\n\n\n<li>Pokia\u013e m\u00e1te \u0161ubleru, zmerajte vn\u00fatorn\u00fd obvod tak ako na fotke.&nbsp;<\/li>\n\n\n\n<li>Odfo\u0165te takto ulo\u017een\u00fd prste\u0148 zhora a fotku mi po\u0161lite do emailu.&nbsp;<\/li>\n<\/ol>\n\n\n\n<p>Pokia\u013e doma nem\u00e1te prav\u00edtko a u\u017e v\u00f4bec nie \u0161ubleru, <a href=\"https:\/\/www.barboraopatova.com\/wp-content\/uploads\/2023\/03\/Size-Guide.pdf\" target=\"_blank\" rel=\"noreferrer noopener\"><strong>TU<\/strong><\/a> si m\u00f4\u017eete stiahnu\u0165 PDF, ktor\u00e9 som pre V\u00e1s pripravila na meranie vn\u00fatorn\u00e9ho obvodu prste\u0148a.<\/p>\n\n\n\n<p>Ak nedisponujete vhodn\u00fdm prste\u0148om na z\u00edskanie ve\u013ekosti, nasleduj\u00faci sp\u00f4sob merania je pre V\u00e1s:<\/p>\n\n\n\n<ol>\n<li>Vyberte si pevn\u00fd, neelastick\u00fd materi\u00e1l ako napr\u00edklad zubn\u00e1 ni\u0165, pr\u00fa\u017eok papiera alebo oby\u010dajn\u00fd povraz.<\/li>\n\n\n\n<li>Zvolen\u00fd materi\u00e1l obto\u010dte okolo prstu, na ktorom chcete prste\u0148 nosi\u0165, v bl\u00edzkosti k\u013abu a tam, kde sa prkr\u00fdva spravte \u010diarky.<\/li>\n\n\n\n<li>Ozna\u010den\u00fd materi\u00e1l porovnajte s prav\u00edtkom a vyjde V\u00e1m v\u00fdsledok v milimetroch.<\/li>\n\n\n\n<li>Tento \u00fadaj si zazna\u010dte a meranie zopakujte aj v in\u00fdch \u010dasoch behom d\u0148a, nako\u013eko prsty zvykn\u00fa napuchn\u00fa\u0165, alebo sa stiahnu\u0165.&nbsp;<\/li>\n<\/ol>\n<\/div>\n\n\n\n<div class=\"wp-block-column is-vertically-aligned-top is-layout-flow\">\n<figure class=\"wp-block-image size-full\"><a href=\"https:\/\/www.barboraopatova.com\/wp-content\/uploads\/2023\/03\/05.jpg\"><img decoding=\"async\" loading=\"lazy\" width=\"583\" height=\"582\" src=\"https:\/\/www.barboraopatova.com\/wp-content\/uploads\/2023\/03\/05.jpg\" alt=\"\" class=\"wp-image-138\" srcset=\"https:\/\/www.barboraopatova.com\/wp-content\/uploads\/2023\/03\/05.jpg 583w, https:\/\/www.barboraopatova.com\/wp-content\/uploads\/2023\/03\/05-300x300.jpg 300w, https:\/\/www.barboraopatova.com\/wp-content\/uploads\/2023\/03\/05-130x130.jpg 130w, https:\/\/www.barboraopatova.com\/wp-content\/uploads\/2023\/03\/05-150x150.jpg 150w\" sizes=\"(max-width: 583px) 100vw, 583px\" \/><\/a><\/figure>\n<\/div>\n<\/div>\n\n\n\n<h2 class=\"wp-block-heading\">Tipy pre \u010do najlep\u0161ie meranie prste\u0148a&nbsp;<\/h2>\n\n\n\n<div class=\"wp-block-columns is-layout-flex wp-container-14\">\n<div class=\"wp-block-column is-vertically-aligned-top is-layout-flow\">\n<figure class=\"wp-block-image alignfull size-large\"><a href=\"https:\/\/www.barboraopatova.com\/wp-content\/uploads\/2023\/03\/Klb-obdl-3-scaled.jpg\"><img decoding=\"async\" loading=\"lazy\" width=\"771\" height=\"1024\" src=\"https:\/\/www.barboraopatova.com\/wp-content\/uploads\/2023\/03\/Klb-obdl-3-771x1024.jpg\" alt=\"\" class=\"wp-image-170\" srcset=\"https:\/\/www.barboraopatova.com\/wp-content\/uploads\/2023\/03\/Klb-obdl-3-771x1024.jpg 771w, https:\/\/www.barboraopatova.com\/wp-content\/uploads\/2023\/03\/Klb-obdl-3-scaled-600x797.jpg 600w, https:\/\/www.barboraopatova.com\/wp-content\/uploads\/2023\/03\/Klb-obdl-3-226x300.jpg 226w, https:\/\/www.barboraopatova.com\/wp-content\/uploads\/2023\/03\/Klb-obdl-3-768x1020.jpg 768w, https:\/\/www.barboraopatova.com\/wp-content\/uploads\/2023\/03\/Klb-obdl-3-1156x1536.jpg 1156w, https:\/\/www.barboraopatova.com\/wp-content\/uploads\/2023\/03\/Klb-obdl-3-1542x2048.jpg 1542w, https:\/\/www.barboraopatova.com\/wp-content\/uploads\/2023\/03\/Klb-obdl-3-9x12.jpg 9w, https:\/\/www.barboraopatova.com\/wp-content\/uploads\/2023\/03\/Klb-obdl-3-scaled.jpg 1927w\" sizes=\"(max-width: 771px) 100vw, 771px\" \/><\/a><\/figure>\n<\/div>\n\n\n\n<div class=\"wp-block-column is-layout-flow\">\n<ol>\n<li><strong>Vybra\u0165 si spr\u00e1vny prst<\/strong><br><br>Nako\u013eko m\u00e1 ka\u017ed\u00fd prst in\u00fa ve\u013ekos\u0165, treba si dopredu zv\u00e1\u017ei\u0165, na ktorom prste budete nosi\u0165 prste\u0148. Ak ste prav\u00e1k\/prav\u00e1\u010dka, prsty na tejto ruke bud\u00fa s ve\u013ekou pravdepodobnos\u0165ou o nie\u010do v\u00e4\u010d\u0161ie ako na Va\u0161ej menej dominantnej ruke.<br><br><\/li>\n\n\n\n<li><strong>Bra\u0165 oh\u013ead na k\u013aby<\/strong><br><br>\u010casto sa t\u00e1va, \u017ee \u013eudia maj\u00fa na prstoch v\u00fdraznej\u0161ie k\u013aby. V takom pr\u00edpade je potrebn\u00e9, aby prste\u0148 pri nasadzovan\u00ed a aj zosadzovan\u00ed kl\u00e1dor mierny odpor cez k\u013ab. Zaru\u010d\u00ed sa tak, \u017ee v\u00e1m prste\u0148 len tak nesk\u013azne z prsta.<br><br><\/li>\n\n\n\n<li><strong>Mera\u0165 prst pri primeranej izbovej teplote a v spr\u00e1vnom \u010dase<\/strong><br><br>Cievy v prstoch reaguj\u00fa na vonkaj\u0161iu teplotu tak, \u017ee v chlade sa stiahnu a v teple naopak roztiahnu. Prsty tak v teple zvykn\u00fa op\u00facha\u0165 a v zime sa scvrkn\u00fa\u0165. Rovnako aj r\u00e1no s\u00fa na\u0161e ruky mierne napuchnut\u00e9 a po\u010das d\u0148a postupne odpuchn\u00fa.<br><br><\/li>\n\n\n\n<li><strong>V\u00e4\u010d\u0161ia ve\u013ekos\u0165 pre \u0161ir\u0161ie prstene<\/strong><br><br>Ak si pl\u00e1nujete k\u00fapi\u0165 mas\u00edvny prste\u0148 zv\u00e1\u017ete, \u017ee plocha, ktorou bude obop\u00edna\u0165 V\u00e1\u0161 prst je v\u00e4\u010d\u0161ia a tak bude p\u00f4sobi\u0165 tesnej\u0161ie. V tak\u00fdch pr\u00edpadoch sa v\u0161eobecne odpor\u00fa\u010da o \u010dislo v\u00e4\u010d\u0161ia ve\u013ekos\u0165.<br><br><\/li>\n\n\n\n<li><strong>Prisp\u00f4sobivos\u0165 pri otvoren\u00fdch prste\u0148och<\/strong><br><br>Pri niektor\u00fdch dizajnoch prste\u0148ov, ktor\u00e9 s\u00fa mas\u00edvnej\u0161ie, ale s otvoren\u00fdm koncom je mo\u017en\u00e1 mierna \u00faprava ve\u013ekosti, ale len do takej miery, aby \u00faprava neovplyvnila celkov\u00fd vzh\u013ead prste\u0148a.<\/li>\n<\/ol>\n<\/div>\n<\/div>\n\n\n\n<h2 class=\"wp-block-heading\">Zmena ve\u013ekosti prste\u0148a<\/h2>\n\n\n\n<p>V\u0161eobecne plat\u00ed, \u010dim menej z\u00e1sahov do hotov\u00e9ho prste\u0148a, t\u00fdm lep\u0161ie, no niekedy to \u017eia\u013e inak nejde. Pokia\u013e V\u00e1m pri\u0161iel prste\u0148 a presne nesed\u00ed, kontaktujte ma a rada V\u00e1m s t\u00fdm pom\u00f4\u017eem. Prstene s\u00fa predsa ur\u010den\u00e9 na radostn\u00e9 nosenie na ruke a nie len na obdivovanie na poli\u010dke.&nbsp;<\/p>","protected":false},"excerpt":{"rendered":"<p>Meranie ve\u013ekosti prste\u0148a Ve\u013ekos\u0165 prste\u0148a je z\u00e1kladn\u00e1 inform\u00e1cia, ktor\u00fa budete potrebova\u0165 pri jeho k\u00fape pre seba, \u010di bl\u00edzku osobu, ktor\u00fa n\u00edm chcete obdarova\u0165. Tento ve\u013emi d\u00f4le\u017eit\u00fd \u00fadaj v\u0161ak podliaha viacer\u00fdm faktorom z ktor\u00fdch jeden je aj vlastn\u00fd subjekt\u00edvny pocit &#8211; niektor\u00ed \u013eudia nosia rad\u0161ej prstene u\u017e\u0161ie a pevnej\u0161ie, niekto zase potrebuje v\u00e4\u010d\u0161iu v\u00f4\u013eu.&nbsp; Je ve\u013emi [&hellip;]<\/p>","protected":false},"author":2,"featured_media":0,"parent":0,"menu_order":0,"comment_status":"closed","ping_status":"closed","template":"","meta":[],"_links":{"self":[{"href":"https:\/\/www.barboraopatova.com\/sk\/wp-json\/wp\/v2\/pages\/133"}],"collection":[{"href":"https:\/\/www.barboraopatova.com\/sk\/wp-json\/wp\/v2\/pages"}],"about":[{"href":"https:\/\/www.barboraopatova.com\/sk\/wp-json\/wp\/v2\/types\/page"}],"author":[{"embeddable":true,"href":"https:\/\/www.barboraopatova.com\/sk\/wp-json\/wp\/v2\/users\/2"}],"replies":[{"embeddable":true,"href":"https:\/\/www.barboraopatova.com\/sk\/wp-json\/wp\/v2\/comments?post=133"}],"version-history":[{"count":0,"href":"https:\/\/www.barboraopatova.com\/sk\/wp-json\/wp\/v2\/pages\/133\/revisions"}],"wp:attachment":[{"href":"https:\/\/www.barboraopatova.com\/sk\/wp-json\/wp\/v2\/media?parent=133"}],"curies":[{"name":"wp","href":"https:\/\/api.w.org\/{rel}","templated":true}]}}