{"id":114,"date":"2022-10-07T11:17:30","date_gmt":"2022-10-07T11:17:30","guid":{"rendered":"https:\/\/www.barboraopatova.com\/?page_id=114"},"modified":"2023-04-24T13:50:38","modified_gmt":"2023-04-24T13:50:38","slug":"about","status":"publish","type":"page","link":"https:\/\/www.barboraopatova.com\/sk\/about\/","title":{"rendered":"About"},"content":{"rendered":"<div class=\"wp-block-columns is-layout-flex wp-container-3\">\n<div class=\"wp-block-column is-layout-flow\">\n<figure class=\"wp-block-image size-large is-style-default\"><img decoding=\"async\" loading=\"lazy\" width=\"683\" height=\"1024\" src=\"https:\/\/www.barboraopatova.com\/wp-content\/uploads\/2022\/10\/About_photo_small-683x1024.jpg\" alt=\"\" class=\"wp-image-115\" srcset=\"https:\/\/www.barboraopatova.com\/wp-content\/uploads\/2022\/10\/About_photo_small-683x1024.jpg 683w, https:\/\/www.barboraopatova.com\/wp-content\/uploads\/2022\/10\/About_photo_small-scaled-600x900.jpg 600w, https:\/\/www.barboraopatova.com\/wp-content\/uploads\/2022\/10\/About_photo_small-200x300.jpg 200w, https:\/\/www.barboraopatova.com\/wp-content\/uploads\/2022\/10\/About_photo_small-768x1152.jpg 768w, https:\/\/www.barboraopatova.com\/wp-content\/uploads\/2022\/10\/About_photo_small-1024x1536.jpg 1024w, https:\/\/www.barboraopatova.com\/wp-content\/uploads\/2022\/10\/About_photo_small-1365x2048.jpg 1365w, https:\/\/www.barboraopatova.com\/wp-content\/uploads\/2022\/10\/About_photo_small-scaled.jpg 1707w\" sizes=\"(max-width: 683px) 100vw, 683px\" \/><\/figure>\n<\/div>\n\n\n\n<div class=\"wp-block-column is-layout-flow\">\n<h2 class=\"wp-block-heading\">Biography<\/h2>\n\n\n\n<p>During her studies at the stone sculpting department of Bratislava&#8217;s School of Applied Arts, Barbora discovered that sculptures can be small and, for example, wearable, and that there is no need to limit oneself in materials at all &#8211; it can be a great statement tool.<\/p>\n\n\n\n<p>She continued her studies at the Metal and Jewelry design department at the University of West Bohemia in Pilsen, where she learned that &#8220;Jewelry can be anything we consider a jewelry.&#8221; For example, a story that we carry in our head or heart.<\/p>\n\n\n\n<p>She completed her student journey in 2019 at the Gemstone and jewelry department at the University of Trier in Germany, where she better defined her work as &#8220;narrative&#8221; and therefore paid more attention to carefully draw her artistic stories.<\/p>\n\n\n\n<p>Since 2020, she lives and creates back in Bratislava.&nbsp;<\/p>\n\n\n\n<h2 class=\"wp-block-heading\">Statement<\/h2>\n\n\n\n<p>She calls her creations clouds. This heavenly phenomenon is Barbora&#8217;s endless source of inspiration &#8211; strange abstract shapes high in the sky in their monumentality and yet, lightness. The contrast between light and shadow changes from a romantic sunrise to a gray angry storm. Abstraction in forms that enliven our imagination, they can be nothing and everything at the same time. Seeing strange animals floating silently like big fluffy masses and connecting them with our personal stories, memories, emotions, feelings. Are they all hidden within, or are we the ones hiding them?<\/p>\n\n\n\n<p>In her work, Barbora brings fog and mystery to everyday life. Is it possible to believe what we see is really there? Are we making everything up or is it just a complex game of life? Sometimes more of the personality is revealed, sometimes they remain hidden, it&#8217;s a game with secrets that we really want to reveal.<\/p>\n\n\n\n<p>A cloud is made up of many small particles of water or ice. When we look from a higher perspective, we see an interconnected system of the water cycle, of which clouds are only one stage. In her current work, Barbora explores the cycle phenomenon and its various forms.<\/p>\n<\/div>\n<\/div>\n\n\n\n<div class=\"wp-block-columns is-layout-flex wp-container-6\">\n<div class=\"wp-block-column is-layout-flow\">\n<h2 class=\"wp-block-heading\">Education<\/h2>\n\n\n\n<p>2016-2019<\/p>\n\n\n\n<p>Trier University of Applied Sciences,&nbsp;<\/p>\n\n\n\n<p>Campus Idar-Oberstein (Germany)&nbsp;<\/p>\n\n\n\n<p>2017<\/p>\n\n\n\n<p>Internship Tanel Veenre Studio (Estonia)<\/p>\n\n\n\n<p>2013-2016<\/p>\n\n\n\n<p>University of West Bohemia,<\/p>\n\n\n\n<p>Ladislav Sutnar Faculty of design and art, Pilsen (Czech Rep.)<\/p>\n\n\n\n<p>2009-2013<\/p>\n\n\n\n<p>School of Applied Arts, Bratislava (Slovakia)&nbsp;<\/p>\n<\/div>\n\n\n\n<div class=\"wp-block-column is-layout-flow\">\n<h2 class=\"wp-block-heading\">Exhibition<\/h2>\n\n\n\n<p>2022<\/p>\n\n\n\n<p>Symp\u00f3zium umeleck\u00e9ho \u0161perku v Kremnici, NBS M\u00fazeum&nbsp; (SK)<\/p>\n\n\n\n<p>Galerie Ladislava Sutnara, Plze\u0148 (CZ) Shapes: Venus<\/p>\n\n\n\n<p>2020<\/p>\n\n\n\n<p>Talente, Munich (DE)<\/p>\n\n\n\n<p>Inhorgenda, Munich (DE)<\/p>\n\n\n\n<p>Intergem, Idar-Oberstein (DE)<\/p>\n\n\n\n<p>2019<\/p>\n\n\n\n<p>Galerie Marzee Graduation Show, Nijmegen (NL) Prize awarded<\/p>\n\n\n\n<p>Joya Barcelona (ES)<\/p>\n\n\n\n<p>Intro Gallery, Amsterdam (NL)<\/p>\n\n\n\n<p>2017<\/p>\n\n\n\n<p>SIERAAD art fair Amsterdam (NL)<\/p>\n\n\n\n<p>Esse Gallery Space Cesk\u00e9 Budejovice (CZ) DEZIIN Prague (CZ) Solo show<\/p>\n\n\n\n<p>Galerie Klenov\u00e1, Klatovy (CZ)<\/p>\n\n\n\n<p>2016<\/p>\n\n\n\n<p>Prague Design Week (CZ)<\/p>\n\n\n\n<p>2015<\/p>\n\n\n\n<p>Ladislav Sutnar: Venus, City Gallery Pilsen (CZ) Return&#8230;Ladislav Sutnar,<\/p>\n\n\n\n<p>The Museum of West Bohemia in Pilsen (CZ)<\/p>\n\n\n\n<p>STONE + WOOD, Satelit Gallery Bratislava (SK)<\/p>\n\n\n\n<p>2013<\/p>\n\n\n\n<p>STONE + TEXTIL-TWO OF EIGHT, Design studio \u00daLUV Bratislava (SK)<\/p>\n\n\n\n<p>2012<\/p>\n\n\n\n<p>Junior design Fest Bratislava (SK) MOBIEX Brno (CZ)<\/p>\n<\/div>\n<\/div>","protected":false},"excerpt":{"rendered":"<p>Biography During her studies at the stone sculpting department of Bratislava&#8217;s School of Applied Arts, Barbora discovered that sculptures can be small and, for example, wearable, and that there is no need to limit oneself in materials at all &#8211; it can be a great statement tool. She continued her studies at the Metal and [&hellip;]<\/p>","protected":false},"author":1,"featured_media":0,"parent":0,"menu_order":0,"comment_status":"closed","ping_status":"closed","template":"","meta":[],"_links":{"self":[{"href":"https:\/\/www.barboraopatova.com\/sk\/wp-json\/wp\/v2\/pages\/114"}],"collection":[{"href":"https:\/\/www.barboraopatova.com\/sk\/wp-json\/wp\/v2\/pages"}],"about":[{"href":"https:\/\/www.barboraopatova.com\/sk\/wp-json\/wp\/v2\/types\/page"}],"author":[{"embeddable":true,"href":"https:\/\/www.barboraopatova.com\/sk\/wp-json\/wp\/v2\/users\/1"}],"replies":[{"embeddable":true,"href":"https:\/\/www.barboraopatova.com\/sk\/wp-json\/wp\/v2\/comments?post=114"}],"version-history":[{"count":0,"href":"https:\/\/www.barboraopatova.com\/sk\/wp-json\/wp\/v2\/pages\/114\/revisions"}],"wp:attachment":[{"href":"https:\/\/www.barboraopatova.com\/sk\/wp-json\/wp\/v2\/media?parent=114"}],"curies":[{"name":"wp","href":"https:\/\/api.w.org\/{rel}","templated":true}]}}